{"id":23,"date":"2026-04-24T21:51:55","date_gmt":"2026-04-24T19:51:55","guid":{"rendered":"http:\/\/klug-solar.de\/?page_id=23"},"modified":"2026-05-10T18:11:59","modified_gmt":"2026-05-10T16:11:59","slug":"datenschutz-vereinbarung","status":"publish","type":"page","link":"https:\/\/klug-solar.de\/?page_id=23","title":{"rendered":"Datenschutz Vereinbarung"},"content":{"rendered":"\t\t<div data-elementor-type=\"wp-page\" data-elementor-id=\"23\" class=\"elementor elementor-23\">\n\t\t\t\t<div class=\"elementor-element elementor-element-b301b3a e-flex e-con-boxed e-con e-parent\" data-id=\"b301b3a\" data-element_type=\"container\" data-e-type=\"container\">\n\t\t\t\t\t<div class=\"e-con-inner\">\n\t\t\t\t<div class=\"elementor-element elementor-element-2f3c643 elementor-widget elementor-widget-html\" data-id=\"2f3c643\" data-element_type=\"widget\" data-e-type=\"widget\" data-widget_type=\"html.default\">\n\t\t\t\t\t<section id=\"datenschutz\" style=\"max-width:800px; margin:auto; font-family:Arial, sans-serif; line-height:1.6;\">\n\n<h1>Datenschutzerkl\u00e4rung<\/h1>\n\n<h2>1. Datenschutz auf einen Blick<\/h2>\n<p>\nDie folgenden Hinweise geben einen einfachen \u00dcberblick dar\u00fcber, was mit Ihren personenbezogenen Daten passiert,\nwenn Sie diese Website besuchen. Personenbezogene Daten sind alle Daten, mit denen Sie pers\u00f6nlich identifiziert werden k\u00f6nnen.\n<\/p>\n\n<h2>2. Hosting<\/h2>\n<p>\nWir hosten die Inhalte unserer Website bei folgendem Anbieter:\n<\/p>\n\n<h3>ALL-INKL<\/h3>\n<p>\nAnbieter ist die ALL-INKL.COM \u2013 Neue Medien M\u00fcnnich, Inh. Ren\u00e9 M\u00fcnnich,\nHauptstra\u00dfe 68, 02742 Friedersdorf.\nDetails entnehmen Sie der Datenschutzerkl\u00e4rung von ALL-INKL:\n<a href=\"https:\/\/all-inkl.com\/datenschutzinformationen\/\" target=\"_blank\" rel=\"noopener\">\nhttps:\/\/all-inkl.com\/datenschutzinformationen\/\n<\/a>.\n<\/p>\n\n<p>\nDie Verwendung von ALL-INKL erfolgt auf Grundlage von Art. 6 Abs. 1 lit. f DSGVO.\nWir haben ein berechtigtes Interesse an einer m\u00f6glichst zuverl\u00e4ssigen Darstellung unserer Website.\n<\/p>\n\n<h3>Auftragsverarbeitung<\/h3>\n<p>\nWir haben einen Vertrag \u00fcber Auftragsverarbeitung (AVV) zur Nutzung des oben genannten Dienstes geschlossen.\nDieser Vertrag gew\u00e4hrleistet, dass der Anbieter personenbezogene Daten unserer Websitebesucher nur nach unseren Weisungen\nund unter Einhaltung der DSGVO verarbeitet.\n<\/p>\n\n<h2>3. Verantwortliche Stelle<\/h2>\n<p>\nVerantwortliche Stelle f\u00fcr die Datenverarbeitung auf dieser Website ist:\n<\/p>\n\n<p>\n<strong>Ing. Axel Klug<\/strong><br>\nKlug Solar \u2013 Beratung zu Photovoltaik &amp; W\u00e4rmepumpen<br>\nEschenhof 19<br>\n68309 Mannheim<br>\nDeutschland<br><br>\nTelefon: <a href=\"tel:+491743266191\">0174 3266191<\/a><br>\nE-Mail: <a href=\"mailto:info@klug-solar.de\">info@klug-solar.de<\/a>\n<\/p>\n\n<h2>4. Allgemeine Hinweise zur Datenverarbeitung<\/h2>\n<p>\nWir behandeln Ihre personenbezogenen Daten vertraulich und entsprechend den gesetzlichen Datenschutzvorschriften\nsowie dieser Datenschutzerkl\u00e4rung.\n<\/p>\n\n<p>\nWenn Sie diese Website benutzen, werden verschiedene personenbezogene Daten erhoben.\nDiese Datenschutzerkl\u00e4rung erl\u00e4utert, welche Daten wir erheben und wof\u00fcr wir sie nutzen.\n<\/p>\n\n<h2>5. Server-Log-Dateien<\/h2>\n<p>\nDer Provider der Seiten erhebt und speichert automatisch Informationen in sogenannten Server-Log-Dateien,\ndie Ihr Browser automatisch an uns \u00fcbermittelt. Dies sind insbesondere:\n<\/p>\n\n<ul>\n<li>Browsertyp und Browserversion<\/li>\n<li>verwendetes Betriebssystem<\/li>\n<li>Referrer URL<\/li>\n<li>Hostname des zugreifenden Rechners<\/li>\n<li>Uhrzeit der Serveranfrage<\/li>\n<li>IP-Adresse<\/li>\n<\/ul>\n\n<p>\nEine Zusammenf\u00fchrung dieser Daten mit anderen Datenquellen wird nicht vorgenommen.\nDie Erfassung dieser Daten erfolgt auf Grundlage von Art. 6 Abs. 1 lit. f DSGVO.\nWir haben ein berechtigtes Interesse an der technisch fehlerfreien Darstellung und Optimierung unserer Website.\n<\/p>\n\n<h2>6. Kontaktaufnahme per E-Mail oder Telefon<\/h2>\n<p>\nWenn Sie uns per E-Mail oder Telefon kontaktieren, wird Ihre Anfrage inklusive aller daraus hervorgehenden\npersonenbezogenen Daten zum Zwecke der Bearbeitung Ihres Anliegens gespeichert und verarbeitet.\nDiese Daten geben wir nicht ohne Ihre Einwilligung weiter.\n<\/p>\n\n<p>\nDie Verarbeitung erfolgt auf Grundlage von Art. 6 Abs. 1 lit. b DSGVO, sofern Ihre Anfrage mit der Erf\u00fcllung\neines Vertrags zusammenh\u00e4ngt oder zur Durchf\u00fchrung vorvertraglicher Ma\u00dfnahmen erforderlich ist.\nIn allen \u00fcbrigen F\u00e4llen beruht die Verarbeitung auf unserem berechtigten Interesse an der effektiven Bearbeitung\nder an uns gerichteten Anfragen gem\u00e4\u00df Art. 6 Abs. 1 lit. f DSGVO.\n<\/p>\n\n<h2>7. Cookies<\/h2>\n<p>\nUnsere Website verwendet derzeit keine nicht notwendigen Cookies zu Analyse- oder Marketingzwecken.\nSollten k\u00fcnftig Cookies oder externe Dienste eingesetzt werden, wird diese Datenschutzerkl\u00e4rung entsprechend angepasst.\n<\/p>\n\n<h2>8. Speicherdauer<\/h2>\n<p>\nSoweit innerhalb dieser Datenschutzerkl\u00e4rung keine speziellere Speicherdauer genannt wurde,\nverbleiben Ihre personenbezogenen Daten bei uns, bis der Zweck f\u00fcr die Datenverarbeitung entf\u00e4llt.\nWenn Sie ein berechtigtes L\u00f6schersuchen geltend machen oder eine Einwilligung widerrufen,\nwerden Ihre Daten gel\u00f6scht, sofern keine gesetzlichen Aufbewahrungsfristen entgegenstehen.\n<\/p>\n\n<h2>9. Ihre Rechte<\/h2>\n<p>\nSie haben jederzeit das Recht auf unentgeltliche Auskunft \u00fcber Ihre gespeicherten personenbezogenen Daten,\nderen Herkunft, Empf\u00e4nger und Zweck der Datenverarbeitung.\nAu\u00dferdem haben Sie ein Recht auf Berichtigung, L\u00f6schung, Einschr\u00e4nkung der Verarbeitung,\nDaten\u00fcbertragbarkeit sowie Widerspruch gegen die Verarbeitung.\n<\/p>\n\n<h2>10. Widerruf Ihrer Einwilligung<\/h2>\n<p>\nViele Datenverarbeitungsvorg\u00e4nge sind nur mit Ihrer ausdr\u00fccklichen Einwilligung m\u00f6glich.\nSie k\u00f6nnen eine bereits erteilte Einwilligung jederzeit widerrufen.\nDie Rechtm\u00e4\u00dfigkeit der bis zum Widerruf erfolgten Datenverarbeitung bleibt vom Widerruf unber\u00fchrt.\n<\/p>\n\n<h2>11. Beschwerderecht bei der zust\u00e4ndigen Aufsichtsbeh\u00f6rde<\/h2>\n<p>\nIm Falle von Verst\u00f6\u00dfen gegen die DSGVO steht Ihnen ein Beschwerderecht bei einer Datenschutzaufsichtsbeh\u00f6rde zu.\n<\/p>\n\n<h2>12. SSL- bzw. TLS-Verschl\u00fcsselung<\/h2>\n<p>\nDiese Seite nutzt aus Sicherheitsgr\u00fcnden und zum Schutz der \u00dcbertragung vertraulicher Inhalte\neine SSL- bzw. TLS-Verschl\u00fcsselung. Eine verschl\u00fcsselte Verbindung erkennen Sie daran,\ndass die Adresszeile des Browsers mit \u201ehttps:\/\/\u201c beginnt.\n<\/p>\n\n<h2>13. Widerspruch gegen Werbe-E-Mails<\/h2>\n<p>\nDer Nutzung von im Rahmen der Impressumspflicht ver\u00f6ffentlichten Kontaktdaten zur \u00dcbersendung von\nnicht ausdr\u00fccklich angeforderter Werbung und Informationsmaterialien wird hiermit widersprochen.\nDie Betreiber der Seiten behalten sich ausdr\u00fccklich rechtliche Schritte im Falle der unverlangten Zusendung\nvon Werbeinformationen, etwa durch Spam-E-Mails, vor.\n<\/p>\n\n<h2>14. \u00c4nderung dieser Datenschutzerkl\u00e4rung<\/h2>\n<p>\nWir behalten uns vor, diese Datenschutzerkl\u00e4rung anzupassen, wenn sich rechtliche Anforderungen\noder technische \u00c4nderungen der Website ergeben.\n<\/p>\n\n<\/section>\t\t\t\t<\/div>\n\t\t\t\t\t<\/div>\n\t\t\t\t<\/div>\n\t\t\t\t<\/div>\n\t\t","protected":false},"excerpt":{"rendered":"<p>Datenschutzerkl\u00e4rung 1. Datenschutz auf einen Blick Die folgenden Hinweise geben einen einfachen \u00dcberblick dar\u00fcber, was mit Ihren personenbezogenen Daten passiert, wenn Sie diese Website besuchen. Personenbezogene Daten sind alle Daten, mit denen Sie pers\u00f6nlich identifiziert werden k\u00f6nnen. 2. Hosting Wir hosten die Inhalte unserer Website bei folgendem Anbieter: ALL-INKL Anbieter ist die ALL-INKL.COM \u2013 Neue [&hellip;]<\/p>\n","protected":false},"author":1,"featured_media":0,"parent":0,"menu_order":0,"comment_status":"closed","ping_status":"closed","template":"elementor_canvas","meta":{"footnotes":""},"class_list":["post-23","page","type-page","status-publish","hentry"],"_links":{"self":[{"href":"https:\/\/klug-solar.de\/index.php?rest_route=\/wp\/v2\/pages\/23","targetHints":{"allow":["GET"]}}],"collection":[{"href":"https:\/\/klug-solar.de\/index.php?rest_route=\/wp\/v2\/pages"}],"about":[{"href":"https:\/\/klug-solar.de\/index.php?rest_route=\/wp\/v2\/types\/page"}],"author":[{"embeddable":true,"href":"https:\/\/klug-solar.de\/index.php?rest_route=\/wp\/v2\/users\/1"}],"replies":[{"embeddable":true,"href":"https:\/\/klug-solar.de\/index.php?rest_route=%2Fwp%2Fv2%2Fcomments&post=23"}],"version-history":[{"count":7,"href":"https:\/\/klug-solar.de\/index.php?rest_route=\/wp\/v2\/pages\/23\/revisions"}],"predecessor-version":[{"id":30,"href":"https:\/\/klug-solar.de\/index.php?rest_route=\/wp\/v2\/pages\/23\/revisions\/30"}],"wp:attachment":[{"href":"https:\/\/klug-solar.de\/index.php?rest_route=%2Fwp%2Fv2%2Fmedia&parent=23"}],"curies":[{"name":"wp","href":"https:\/\/api.w.org\/{rel}","templated":true}]}}